{"id":19615,"date":"2025-04-09T23:57:48","date_gmt":"2025-04-09T21:57:48","guid":{"rendered":"https:\/\/teranga-run.com\/RUN\/?page_id=19615"},"modified":"2026-05-05T11:58:58","modified_gmt":"2026-05-05T09:58:58","slug":"19615-2","status":"publish","type":"page","link":"https:\/\/teranga-run.com\/RUN\/19615-2\/","title":{"rendered":"Inscription_run"},"content":{"rendered":"\t\t<div data-elementor-type=\"wp-page\" data-elementor-id=\"19615\" class=\"elementor elementor-19615\">\n\t\t\t\t\t\t<section class=\"elementor-section elementor-top-section elementor-element elementor-element-1c6396c elementor-section-boxed elementor-section-height-default elementor-section-height-default\" data-id=\"1c6396c\" data-element_type=\"section\">\n\t\t\t\t\t\t<div class=\"elementor-container elementor-column-gap-default\">\n\t\t\t\t\t<div class=\"elementor-column elementor-col-33 elementor-top-column elementor-element elementor-element-409703a\" data-id=\"409703a\" data-element_type=\"column\">\n\t\t\t<div class=\"elementor-widget-wrap elementor-element-populated\">\n\t\t\t\t\t\t<div class=\"elementor-element elementor-element-5fe914d elementor-widget elementor-widget-image\" data-id=\"5fe914d\" data-element_type=\"widget\" data-widget_type=\"image.default\">\n\t\t\t\t<div class=\"elementor-widget-container\">\n\t\t\t\t\t\t\t\t\t\t\t\t\t\t\t<img fetchpriority=\"high\" decoding=\"async\" width=\"278\" height=\"300\" src=\"https:\/\/teranga-run.com\/RUN\/wp-content\/uploads\/2025\/04\/screenshot-2024-11-19-224547-2-278x300.jpg\" class=\"attachment-medium size-medium wp-image-19691\" alt=\"\" srcset=\"https:\/\/teranga-run.com\/RUN\/wp-content\/uploads\/2025\/04\/screenshot-2024-11-19-224547-2-278x300.jpg 278w, https:\/\/teranga-run.com\/RUN\/wp-content\/uploads\/2025\/04\/screenshot-2024-11-19-224547-2.jpg 520w\" sizes=\"(max-width: 278px) 100vw, 278px\" \/>\t\t\t\t\t\t\t\t\t\t\t\t\t\t\t<\/div>\n\t\t\t\t<\/div>\n\t\t\t\t<section class=\"elementor-section elementor-inner-section elementor-element elementor-element-9a2164e elementor-section-boxed elementor-section-height-default elementor-section-height-default\" data-id=\"9a2164e\" data-element_type=\"section\">\n\t\t\t\t\t\t<div class=\"elementor-container elementor-column-gap-default\">\n\t\t\t\t\t<div class=\"elementor-column elementor-col-50 elementor-inner-column elementor-element elementor-element-8fdb3c9\" data-id=\"8fdb3c9\" data-element_type=\"column\">\n\t\t\t<div class=\"elementor-widget-wrap elementor-element-populated\">\n\t\t\t\t\t\t<div class=\"elementor-element elementor-element-a06d6f6 elementor-widget elementor-widget-text-editor\" data-id=\"a06d6f6\" data-element_type=\"widget\" data-widget_type=\"text-editor.default\">\n\t\t\t\t<div class=\"elementor-widget-container\">\n\t\t\t\t\t\t\t\t\t<p style=\"text-align: center;\"><strong><span style=\"color: #ffcc00;\"><a style=\"color: #ffcc00; text-decoration: none;\" href=\"https:\/\/teranga-run.com\/FICHE-INSCRIPTION-TERANGA-2026.pdf\" target=\"_blank\" rel=\"noopener\">Fiche d&rsquo;inscription<\/a><\/span><\/strong><\/p>\t\t\t\t\t\t\t\t<\/div>\n\t\t\t\t<\/div>\n\t\t\t\t\t<\/div>\n\t\t<\/div>\n\t\t\t\t<div class=\"elementor-column elementor-col-50 elementor-inner-column elementor-element elementor-element-09e65e4\" data-id=\"09e65e4\" data-element_type=\"column\">\n\t\t\t<div class=\"elementor-widget-wrap elementor-element-populated\">\n\t\t\t\t\t\t<div class=\"elementor-element elementor-element-73dbf1b elementor-widget elementor-widget-text-editor\" data-id=\"73dbf1b\" data-element_type=\"widget\" data-widget_type=\"text-editor.default\">\n\t\t\t\t<div class=\"elementor-widget-container\">\n\t\t\t\t\t\t\t\t\t<p style=\"text-align: center;\"><span style=\"color: #ffcc00;\"><strong><a style=\"color: #ffcc00; text-decoration: none;\" href=\"https:\/\/teranga-run.com\/REGLEMENT-TERANGA-RUN-2025.pdf\" target=\"_blank\" rel=\"noopener\">R\u00e9glement<\/a><\/strong><\/span><\/p>\t\t\t\t\t\t\t\t<\/div>\n\t\t\t\t<\/div>\n\t\t\t\t\t<\/div>\n\t\t<\/div>\n\t\t\t\t\t<\/div>\n\t\t<\/section>\n\t\t\t\t<div class=\"elementor-element elementor-element-4128376 elementor-widget elementor-widget-image\" data-id=\"4128376\" data-element_type=\"widget\" data-widget_type=\"image.default\">\n\t\t\t\t<div class=\"elementor-widget-container\">\n\t\t\t\t\t\t\t\t\t\t\t\t\t\t\t<img decoding=\"async\" width=\"278\" height=\"300\" src=\"https:\/\/teranga-run.com\/RUN\/wp-content\/uploads\/2025\/04\/screenshot-2024-11-19-224547_-2-278x300.jpg\" class=\"attachment-medium size-medium wp-image-19693\" alt=\"\" srcset=\"https:\/\/teranga-run.com\/RUN\/wp-content\/uploads\/2025\/04\/screenshot-2024-11-19-224547_-2-278x300.jpg 278w, https:\/\/teranga-run.com\/RUN\/wp-content\/uploads\/2025\/04\/screenshot-2024-11-19-224547_-2.jpg 520w\" sizes=\"(max-width: 278px) 100vw, 278px\" \/>\t\t\t\t\t\t\t\t\t\t\t\t\t\t\t<\/div>\n\t\t\t\t<\/div>\n\t\t\t\t<section class=\"elementor-section elementor-inner-section elementor-element elementor-element-4440c88 elementor-section-boxed elementor-section-height-default elementor-section-height-default\" data-id=\"4440c88\" data-element_type=\"section\">\n\t\t\t\t\t\t<div class=\"elementor-container elementor-column-gap-default\">\n\t\t\t\t\t<div class=\"elementor-column elementor-col-50 elementor-inner-column elementor-element elementor-element-e86ad05\" data-id=\"e86ad05\" data-element_type=\"column\">\n\t\t\t<div class=\"elementor-widget-wrap elementor-element-populated\">\n\t\t\t\t\t\t<div class=\"elementor-element elementor-element-cea2fd6 elementor-widget elementor-widget-text-editor\" data-id=\"cea2fd6\" data-element_type=\"widget\" data-widget_type=\"text-editor.default\">\n\t\t\t\t<div class=\"elementor-widget-container\">\n\t\t\t\t\t\t\t\t\t<p style=\"text-align: center;\"><strong><span style=\"color: #ffcc00;\"><a style=\"color: #ffcc00; text-decoration: underline;\" href=\"https:\/\/teranga-run.com\/RUN\/Inscription_WAI_TCHAI_RUN 2027.pdf\" target=\"_blank\" rel=\"noopener\" data-wplink-url-error=\"true\">Fiche d&rsquo;inscription<\/a><\/span><\/strong><\/p>\t\t\t\t\t\t\t\t<\/div>\n\t\t\t\t<\/div>\n\t\t\t\t\t<\/div>\n\t\t<\/div>\n\t\t\t\t<div class=\"elementor-column elementor-col-50 elementor-inner-column elementor-element elementor-element-da85619\" data-id=\"da85619\" data-element_type=\"column\">\n\t\t\t<div class=\"elementor-widget-wrap elementor-element-populated\">\n\t\t\t\t\t\t<div class=\"elementor-element elementor-element-22da564 elementor-widget elementor-widget-text-editor\" data-id=\"22da564\" data-element_type=\"widget\" data-widget_type=\"text-editor.default\">\n\t\t\t\t<div class=\"elementor-widget-container\">\n\t\t\t\t\t\t\t\t\t<p style=\"text-align: center;\"><span style=\"color: #ffcc00;\"><strong><a style=\"color: #ffcc00;\" href=\"https:\/\/teranga-run.com\/Reglement_WAI_TCHAI_RUN2025.pdf\" target=\"_blank\" rel=\"noopener\">R\u00e9glement<\/a><\/strong><\/span><\/p>\t\t\t\t\t\t\t\t<\/div>\n\t\t\t\t<\/div>\n\t\t\t\t\t<\/div>\n\t\t<\/div>\n\t\t\t\t\t<\/div>\n\t\t<\/section>\n\t\t\t\t\t<\/div>\n\t\t<\/div>\n\t\t\t\t<div class=\"elementor-column elementor-col-66 elementor-top-column elementor-element elementor-element-046091f\" data-id=\"046091f\" data-element_type=\"column\">\n\t\t\t<div class=\"elementor-widget-wrap elementor-element-populated\">\n\t\t\t\t\t\t<div class=\"elementor-element elementor-element-15b3f51 elementor-widget__width-initial elementor-widget elementor-widget-html\" data-id=\"15b3f51\" data-element_type=\"widget\" data-widget_type=\"html.default\">\n\t\t\t\t<div class=\"elementor-widget-container\">\n\t\t\t\t\t<form action=\"https:\/\/teranga-run.com\/RUN\/contact.php\" method=\"post\">\r\n        <h2>Formulaire d'inscription<\/h2>\r\n\r\n        <!-- Civilit\u00e9 -->\r\n        <fieldset>\r\n            <legend>Informations personnelles<\/legend>\r\n            <div class=\"form-group\">\r\n                <label for=\"civility\">Civilit\u00e9 <span class=\"required\">*<\/span> :<\/label>\r\n                <select id=\"civility\" name=\"civility\" required>\r\n                    <option value=\"\">-- S\u00e9lectionnez --<\/option>\r\n                    <option value=\"M\">M<\/option>\r\n                    <option value=\"Mme\">Mme<\/option>\r\n                    <option value=\"Mlle\">Mlle<\/option>\r\n                <\/select>\r\n            <\/div>\r\n\r\n            <div class=\"form-group\">\r\n                <label for=\"choice\">Choix de la course <span class=\"required\">*<\/span> :<\/label>\r\n                <select id=\"choice\" name=\"choice\" required>\r\n                    <option value=\"\">-- S\u00e9lectionnez --<\/option>\r\n                    <option value=\"TERANGA_RUN\">TERANGA RUN<\/option>\r\n                    <option value=\"WAI_TCHAI_RUN\">WAI TCHAI RUN<\/option>\r\n                <\/select>\r\n            <\/div>\r\n\r\n            <div class=\"form-group\">\r\n                <label for=\"lastname\">Nom <span class=\"required\">*<\/span> :<\/label>\r\n                <input type=\"text\" id=\"lastname\" name=\"lastname\" placeholder=\"Votre nom\" required>\r\n            <\/div>\r\n\r\n            <div class=\"form-group\">\r\n                <label for=\"firstname\">Pr\u00e9nom <span class=\"required\">*<\/span> :<\/label>\r\n                <input type=\"text\" id=\"firstname\" name=\"firstname\" placeholder=\"Votre pr\u00e9nom\" required>\r\n            <\/div>\r\n\r\n            <div class=\"form-group\">\r\n                <label for=\"phone\">T\u00e9l\u00e9phone <span class=\"required\">*<\/span> :<\/label>\r\n                <input type=\"tel\" id=\"phone\" name=\"phone\" placeholder=\"Votre t\u00e9l\u00e9phone\"  required>\r\n            <\/div>\r\n\r\n            <div class=\"form-group\">\r\n                <label for=\"email\">Adresse e-mail <span class=\"required\">*<\/span> :<\/label>\r\n                <input type=\"email\" id=\"email\" name=\"email\" placeholder=\"Votre adresse de messagerie\" required>\r\n            <\/div>\r\n\r\n            <div class=\"form-group\">\r\n                <label for=\"postalcode\">Code postal <span class=\"required\">*<\/span> :<\/label>\r\n                <input type=\"text\" id=\"postalcode\" name=\"postalcode\" placeholder=\"Code postal\" pattern=\"[0-9]{5}\" required>\r\n            <\/div>\r\n\r\n            <div class=\"form-group\">\r\n                <label for=\"city\">Ville <span class=\"required\">*<\/span> :<\/label>\r\n                <input type=\"text\" id=\"city\" name=\"city\" placeholder=\"Ville\" required>\r\n            <\/div>\r\n        <\/fieldset>\r\n\r\n        <!-- Message -->\r\n        <div class=\"form-group\">\r\n            <label for=\"message\">Message :<\/label>\r\n            <textarea id=\"message\" name=\"message\" rows=\"5\" placeholder=\"Votre message\"><\/textarea>\r\n        <\/div>\r\n\r\n        <button type=\"submit\">Envoyer<\/button>\r\n    <\/form>\t\t\t\t<\/div>\n\t\t\t\t<\/div>\n\t\t\t\t\t<\/div>\n\t\t<\/div>\n\t\t\t\t\t<\/div>\n\t\t<\/section>\n\t\t\t\t<section class=\"elementor-section elementor-top-section elementor-element elementor-element-4bfae15 elementor-section-boxed elementor-section-height-default elementor-section-height-default\" data-id=\"4bfae15\" data-element_type=\"section\">\n\t\t\t\t\t\t<div class=\"elementor-container elementor-column-gap-default\">\n\t\t\t\t\t<div class=\"elementor-column elementor-col-100 elementor-top-column elementor-element elementor-element-7b64bdf\" data-id=\"7b64bdf\" data-element_type=\"column\">\n\t\t\t<div class=\"elementor-widget-wrap elementor-element-populated\">\n\t\t\t\t\t\t\t<\/div>\n\t\t<\/div>\n\t\t\t\t\t<\/div>\n\t\t<\/section>\n\t\t\t\t<\/div>\n\t\t","protected":false},"excerpt":{"rendered":"<p>Fiche d&rsquo;inscription R\u00e9glement Fiche d&rsquo;inscription R\u00e9glement Formulaire d&rsquo;inscription Informations personnelles Civilit\u00e9 * : &#8212; S\u00e9lectionnez &#8212;MMmeMlle Choix de la course * : &#8212; S\u00e9lectionnez &#8212;TERANGA RUNWAI TCHAI RUN Nom * : Pr\u00e9nom * : T\u00e9l\u00e9phone * : Adresse e-mail * : Code postal * : Ville * : Message : Envoyer<\/p>\n","protected":false},"author":1,"featured_media":0,"parent":0,"menu_order":0,"comment_status":"closed","ping_status":"closed","template":"","meta":{"_regular_price":[],"currency_symbol":[],"footnotes":""},"class_list":["post-19615","page","type-page","status-publish","hentry"],"post_slider_layout_featured_media_urls":{"thumbnail":"","post_slider_layout_landscape_large":"","post_slider_layout_portrait_large":"","post_slider_layout_square_large":"","post_slider_layout_landscape":"","post_slider_layout_portrait":"","post_slider_layout_square":"","full":""},"_links":{"self":[{"href":"https:\/\/teranga-run.com\/RUN\/wp-json\/wp\/v2\/pages\/19615","targetHints":{"allow":["GET"]}}],"collection":[{"href":"https:\/\/teranga-run.com\/RUN\/wp-json\/wp\/v2\/pages"}],"about":[{"href":"https:\/\/teranga-run.com\/RUN\/wp-json\/wp\/v2\/types\/page"}],"author":[{"embeddable":true,"href":"https:\/\/teranga-run.com\/RUN\/wp-json\/wp\/v2\/users\/1"}],"replies":[{"embeddable":true,"href":"https:\/\/teranga-run.com\/RUN\/wp-json\/wp\/v2\/comments?post=19615"}],"version-history":[{"count":70,"href":"https:\/\/teranga-run.com\/RUN\/wp-json\/wp\/v2\/pages\/19615\/revisions"}],"predecessor-version":[{"id":21438,"href":"https:\/\/teranga-run.com\/RUN\/wp-json\/wp\/v2\/pages\/19615\/revisions\/21438"}],"wp:attachment":[{"href":"https:\/\/teranga-run.com\/RUN\/wp-json\/wp\/v2\/media?parent=19615"}],"curies":[{"name":"wp","href":"https:\/\/api.w.org\/{rel}","templated":true}]}}